{"id":6,"date":"2007-10-27T11:08:34","date_gmt":"2007-10-27T09:08:34","guid":{"rendered":"http:\/\/www.flyhahnenkamm.info\/beta\/?page_id=6"},"modified":"2025-11-22T09:18:46","modified_gmt":"2025-11-22T07:18:46","slug":"verein","status":"publish","type":"page","link":"https:\/\/www.flyhahnenkamm.info\/?page_id=6","title":{"rendered":"Verein"},"content":{"rendered":"\n<h3 class=\"wp-block-heading\">Gleitschirmclub Hahnenkamm<\/h3>\n\n\n\n<p><em>Zweigverein Gleitschirm<\/em> im Sportverein Reutte (SVR)<\/p>\n\n\n\n<p>Der Gleitschirmclub Reutte ist ein bei der Bezirkshauptmannschaft Reutte eingetragener Verein (ZVR 201616677) mit derzeit rund 125 Mitgliedern aus \u00d6sterreich und Deutschland. Seit 1990 ist er ein Zweigverein des Sportvereins Reutte.<\/p>\n\n\n\n<h4 class=\"wp-block-heading\">Mitgliedschaft<\/h4>\n\n\n\n<p>Die Jahresmitgliedschaft kostet im ersten Jahr 70 Euro, in allen folgenden 35 Euro. Sie berechtigt zur kostenlosen Benutzung des Start- und Landesplatzes. Nicht \u00fcberwiesene Beitr\u00e4ge werden als Austritt aus dem Club angesehen.<\/p>\n\n\n\n<p><em>Bankverbindung:<\/em><br \/>Empf\u00e4nger: Sportverein Reutte Zweigverein Gleitschirm<br \/>IBAN: AT983699000008421778<\/p>\n\n\n\n<p>Der Gleitschirmclub Hahnenkamm veranstaltet regelm\u00e4\u00dfig Aktionen wie etwa das j\u00e4hrliche Packen des Rettungsschirmes oder Clubausfl\u00fcge.<\/p>\n\n\n\n<h4 class=\"wp-block-heading\">Vorstand des Vereins:<\/h4>\n\n\n\n<p><em>Obmann:<br \/><\/em>Thomas Senner<br \/>Leite 105<br \/>6600 Musau<br \/>E-Mail: thomas(AT)flyhahnenkamm.info<\/p>\n\n\n\n<p><em>Obmann Stellvertreter:<\/em><br \/>Matthias Storf<br \/><br \/><em>Kassier:<\/em><br \/>Elias K\u00f6b<\/p>\n\n\n\n<p><em>Schriftf\u00fchrer:<\/em><br \/>Matthias Friedle<\/p>\n\n\n\n<p><em>Sportwart:<\/em><br \/>Andreas Kleinhans<\/p>\n\n\n\n<p><em>Tandemverantwortlicher:<\/em><br \/>J\u00fcrgen Knittl<\/p>\n\n\n\n<p><em>Beirat:<\/em><br \/>Josef Steiner &amp; Johann Fasser<\/p>\n\n\n\n<p><\/p>\n\n\n\n<p><\/p>\n","protected":false},"excerpt":{"rendered":"<p>Gleitschirmclub Hahnenkamm Zweigverein Gleitschirm im Sportverein Reutte (SVR) Der Gleitschirmclub Reutte ist ein bei der Bezirkshauptmannschaft Reutte eingetragener Verein (ZVR 201616677) mit derzeit rund 125 Mitgliedern aus \u00d6sterreich und Deutschland. Seit 1990 ist er ein Zweigverein des Sportvereins Reutte. Mitgliedschaft Die Jahresmitgliedschaft kostet im ersten Jahr 70 Euro, in allen folgenden 35 Euro. Sie berechtigt [&hellip;]<\/p>\n","protected":false},"author":103,"featured_media":0,"parent":0,"menu_order":0,"comment_status":"closed","ping_status":"open","template":"","meta":{"footnotes":""},"aioseo_notices":[],"_links":{"self":[{"href":"https:\/\/www.flyhahnenkamm.info\/index.php?rest_route=\/wp\/v2\/pages\/6"}],"collection":[{"href":"https:\/\/www.flyhahnenkamm.info\/index.php?rest_route=\/wp\/v2\/pages"}],"about":[{"href":"https:\/\/www.flyhahnenkamm.info\/index.php?rest_route=\/wp\/v2\/types\/page"}],"author":[{"embeddable":true,"href":"https:\/\/www.flyhahnenkamm.info\/index.php?rest_route=\/wp\/v2\/users\/103"}],"replies":[{"embeddable":true,"href":"https:\/\/www.flyhahnenkamm.info\/index.php?rest_route=%2Fwp%2Fv2%2Fcomments&post=6"}],"version-history":[{"count":22,"href":"https:\/\/www.flyhahnenkamm.info\/index.php?rest_route=\/wp\/v2\/pages\/6\/revisions"}],"predecessor-version":[{"id":900,"href":"https:\/\/www.flyhahnenkamm.info\/index.php?rest_route=\/wp\/v2\/pages\/6\/revisions\/900"}],"wp:attachment":[{"href":"https:\/\/www.flyhahnenkamm.info\/index.php?rest_route=%2Fwp%2Fv2%2Fmedia&parent=6"}],"curies":[{"name":"wp","href":"https:\/\/api.w.org\/{rel}","templated":true}]}}